{"id":6,"date":"2019-02-28T07:25:07","date_gmt":"2019-02-28T07:25:07","guid":{"rendered":"http:\/\/www.rodbrzozy.pl\/?page_id=6"},"modified":"2026-04-02T09:02:11","modified_gmt":"2026-04-02T09:02:11","slug":"strona-glowna","status":"publish","type":"page","link":"https:\/\/www.rodbrzozy.pl\/","title":{"rendered":"Strona G\u0142\u00f3wna"},"content":{"rendered":"<p><a href=\"https:\/\/i0.wp.com\/www.rodbrzozy.pl\/wp-content\/uploads\/2023\/04\/swieta.png?ssl=1\"><img data-recalc-dims=\"1\" loading=\"lazy\" decoding=\"async\" class=\"aligncenter size-large wp-image-1434\" src=\"https:\/\/i0.wp.com\/www.rodbrzozy.pl\/wp-content\/uploads\/2023\/04\/swieta.png?resize=720%2C506&#038;ssl=1\" alt=\"\" width=\"720\" height=\"506\" srcset=\"https:\/\/i0.wp.com\/www.rodbrzozy.pl\/wp-content\/uploads\/2023\/04\/swieta.png?resize=1024%2C719&amp;ssl=1 1024w, https:\/\/i0.wp.com\/www.rodbrzozy.pl\/wp-content\/uploads\/2023\/04\/swieta.png?resize=300%2C211&amp;ssl=1 300w, https:\/\/i0.wp.com\/www.rodbrzozy.pl\/wp-content\/uploads\/2023\/04\/swieta.png?resize=768%2C539&amp;ssl=1 768w, https:\/\/i0.wp.com\/www.rodbrzozy.pl\/wp-content\/uploads\/2023\/04\/swieta.png?w=1122&amp;ssl=1 1122w\" sizes=\"auto, (max-width: 720px) 100vw, 720px\" \/><\/a><\/p>\n<p style=\"text-align: center;\"><strong>Szanowni Pa\u0144stwo !<\/strong><\/p>\n<p style=\"text-align: center;\">Witamy serdecznie na stronie naszego ROD \u201eBrzozy\u201d w Przypkach ko\u0142o Tarczyna. Mamy nadziej\u0119, \u017ce znajdziecie tu Pa\u0144stwo niezb\u0119dne informacje o pracach Zarz\u0105du Ogrodu, a tak\u017ce u\u0142atwi ona kontakt mi\u0119dzy cz\u0142onkami naszej dzia\u0142kowej spo\u0142eczno\u015bci.<\/p>\n<p style=\"text-align: center;\">Je\u015bli macie Pa\u0144stwo pytania, prosimy pisa\u0107 na adres poczty internetowej:<\/p>\n<p style=\"text-align: center;\"><span style=\"color: #ff00ff;\"><strong>rodbrzozypzd18@gmail.com<\/strong><\/span><\/p>\n<p style=\"text-align: center;\">lub skorzysta\u0107 z danych adresowych umieszczonych w zak\u0142adce kontakt.<\/p>\n<p style=\"text-align: center;\">NUMER KONTA do wp\u0142at:<\/p>\n<p style=\"text-align: center;\"><strong><span style=\"color: #ff00ff;\">05 1090 1030 0000 0001 0837 2974<\/span><\/strong><\/p>\n<p>&nbsp;<\/p>\n<p>&nbsp;<\/p>\n","protected":false},"excerpt":{"rendered":"<p>Szanowni Pa\u0144stwo ! Witamy serdecznie na stronie naszego ROD \u201eBrzozy\u201d w Przypkach ko\u0142o Tarczyna. Mamy nadziej\u0119, \u017ce znajdziecie tu Pa\u0144stwo niezb\u0119dne informacje o pracach Zarz\u0105du Ogrodu, a tak\u017ce u\u0142atwi ona kontakt mi\u0119dzy cz\u0142onkami naszej dzia\u0142kowej spo\u0142eczno\u015bci. Je\u015bli macie Pa\u0144stwo pytania,<\/p>\n","protected":false},"author":1,"featured_media":0,"parent":0,"menu_order":0,"comment_status":"closed","ping_status":"closed","template":"","meta":{"footnotes":""},"class_list":["post-6","page","type-page","status-publish","hentry"],"jetpack_sharing_enabled":true,"_links":{"self":[{"href":"https:\/\/www.rodbrzozy.pl\/index.php?rest_route=\/wp\/v2\/pages\/6","targetHints":{"allow":["GET"]}}],"collection":[{"href":"https:\/\/www.rodbrzozy.pl\/index.php?rest_route=\/wp\/v2\/pages"}],"about":[{"href":"https:\/\/www.rodbrzozy.pl\/index.php?rest_route=\/wp\/v2\/types\/page"}],"author":[{"embeddable":true,"href":"https:\/\/www.rodbrzozy.pl\/index.php?rest_route=\/wp\/v2\/users\/1"}],"replies":[{"embeddable":true,"href":"https:\/\/www.rodbrzozy.pl\/index.php?rest_route=%2Fwp%2Fv2%2Fcomments&post=6"}],"version-history":[{"count":77,"href":"https:\/\/www.rodbrzozy.pl\/index.php?rest_route=\/wp\/v2\/pages\/6\/revisions"}],"predecessor-version":[{"id":2010,"href":"https:\/\/www.rodbrzozy.pl\/index.php?rest_route=\/wp\/v2\/pages\/6\/revisions\/2010"}],"wp:attachment":[{"href":"https:\/\/www.rodbrzozy.pl\/index.php?rest_route=%2Fwp%2Fv2%2Fmedia&parent=6"}],"curies":[{"name":"wp","href":"https:\/\/api.w.org\/{rel}","templated":true}]}}